{"id":86,"date":"2025-03-12T10:27:05","date_gmt":"2025-03-12T09:27:05","guid":{"rendered":"https:\/\/sampl.dk\/?page_id=86"},"modified":"2025-03-12T10:28:15","modified_gmt":"2025-03-12T09:28:15","slug":"groups","status":"publish","type":"page","link":"https:\/\/sampl.dk\/en\/groups\/","title":{"rendered":"Groups"},"content":{"rendered":"<div class=\"wp-block-group alignfull is-style-section-1 has-global-padding is-layout-constrained wp-container-core-group-is-layout-cdf985e3 wp-block-group-is-layout-constrained is-style-section-1--1\" style=\"min-height:100vh;margin-top:0;margin-bottom:0;padding-top:var(--wp--preset--spacing--80);padding-right:var(--wp--preset--spacing--80);padding-bottom:var(--wp--preset--spacing--80);padding-left:var(--wp--preset--spacing--80)\">\n<div class=\"wp-block-columns alignwide are-vertically-aligned-center is-layout-flex wp-container-core-columns-is-layout-643ced6b wp-block-columns-is-layout-flex\">\n<div class=\"wp-block-column is-vertically-aligned-center is-layout-flow wp-block-column-is-layout-flow\">\n<figure class=\"wp-block-image aligncenter size-full has-custom-border\"><img loading=\"lazy\" decoding=\"async\" width=\"2244\" height=\"1216\" src=\"https:\/\/sampl.dk\/wp-content\/uploads\/2025\/03\/Screenshot-2025-03-12-at-10.28.06.png\" alt=\"\" class=\"wp-image-112\" style=\"border-top-left-radius:150px;border-bottom-right-radius:150px;object-fit:cover\" srcset=\"https:\/\/sampl.dk\/wp-content\/uploads\/2025\/03\/Screenshot-2025-03-12-at-10.28.06.png 2244w, https:\/\/sampl.dk\/wp-content\/uploads\/2025\/03\/Screenshot-2025-03-12-at-10.28.06-300x163.png 300w, https:\/\/sampl.dk\/wp-content\/uploads\/2025\/03\/Screenshot-2025-03-12-at-10.28.06-1024x555.png 1024w, https:\/\/sampl.dk\/wp-content\/uploads\/2025\/03\/Screenshot-2025-03-12-at-10.28.06-768x416.png 768w, https:\/\/sampl.dk\/wp-content\/uploads\/2025\/03\/Screenshot-2025-03-12-at-10.28.06-1536x832.png 1536w, https:\/\/sampl.dk\/wp-content\/uploads\/2025\/03\/Screenshot-2025-03-12-at-10.28.06-2048x1110.png 2048w\" sizes=\"auto, (max-width: 2244px) 100vw, 2244px\" \/><\/figure>\n<\/div>\n\n\n\n<div class=\"wp-block-column is-vertically-aligned-center is-layout-flow wp-block-column-is-layout-flow\">\n<div class=\"wp-block-group is-vertical is-content-justification-stretch is-layout-flex wp-container-core-group-is-layout-353c4f5a wp-block-group-is-layout-flex\">\n<h2 class=\"wp-block-heading has-text-align-left\">Groups<\/h2>\n\n\n\n<p>Med grupper kan du dele opdele din l\u00f8sning s\u00e5 sensorer og brugere kun arbejde indenfor de omr\u00e5der de har lov.<\/p>\n<\/div>\n<\/div>\n<\/div>\n<\/div>","protected":false},"excerpt":{"rendered":"<p>Groups Med grupper kan du dele opdele din l\u00f8sning s\u00e5 sensorer og brugere kun arbejde indenfor de omr\u00e5der de har lov.<\/p>","protected":false},"author":1,"featured_media":0,"parent":0,"menu_order":0,"comment_status":"closed","ping_status":"closed","template":"","meta":{"footnotes":""},"class_list":["post-86","page","type-page","status-publish","hentry"],"yoast_head":"<!-- This site is optimized with the Yoast SEO plugin v27.6 - https:\/\/yoast.com\/product\/yoast-seo-wordpress\/ -->\n<title>Groups - SAMPL<\/title>\n<meta name=\"robots\" content=\"index, follow, max-snippet:-1, max-image-preview:large, max-video-preview:-1\" \/>\n<link rel=\"canonical\" href=\"https:\/\/sampl.dk\/en\/groups\/\" \/>\n<meta property=\"og:locale\" content=\"en_US\" \/>\n<meta property=\"og:type\" content=\"article\" \/>\n<meta property=\"og:title\" content=\"Groups - SAMPL\" \/>\n<meta property=\"og:description\" content=\"Groups Med grupper kan du dele opdele din l\u00f8sning s\u00e5 sensorer og brugere kun arbejde indenfor de omr\u00e5der de har lov.\" \/>\n<meta property=\"og:url\" content=\"https:\/\/sampl.dk\/en\/groups\/\" \/>\n<meta property=\"og:site_name\" content=\"SAMPL\" \/>\n<meta property=\"article:publisher\" content=\"https:\/\/linkedin.com\/company\/sensesolution\" \/>\n<meta property=\"article:modified_time\" content=\"2025-03-12T09:28:15+00:00\" \/>\n<meta property=\"og:image\" content=\"https:\/\/sampl.dk\/wp-content\/uploads\/2025\/03\/Screenshot-2025-03-12-at-10.28.06.png\" \/>\n<meta name=\"twitter:card\" content=\"summary_large_image\" \/>\n<script type=\"application\/ld+json\" class=\"yoast-schema-graph\">{\"@context\":\"https:\\\/\\\/schema.org\",\"@graph\":[{\"@type\":\"WebPage\",\"@id\":\"https:\\\/\\\/sampl.dk\\\/groups\\\/\",\"url\":\"https:\\\/\\\/sampl.dk\\\/groups\\\/\",\"name\":\"Groups - SAMPL\",\"isPartOf\":{\"@id\":\"https:\\\/\\\/sampl.dk\\\/#website\"},\"primaryImageOfPage\":{\"@id\":\"https:\\\/\\\/sampl.dk\\\/groups\\\/#primaryimage\"},\"image\":{\"@id\":\"https:\\\/\\\/sampl.dk\\\/groups\\\/#primaryimage\"},\"thumbnailUrl\":\"https:\\\/\\\/sampl.dk\\\/wp-content\\\/uploads\\\/2025\\\/03\\\/Screenshot-2025-03-12-at-10.28.06.png\",\"datePublished\":\"2025-03-12T09:27:05+00:00\",\"dateModified\":\"2025-03-12T09:28:15+00:00\",\"breadcrumb\":{\"@id\":\"https:\\\/\\\/sampl.dk\\\/groups\\\/#breadcrumb\"},\"inLanguage\":\"en-US\",\"potentialAction\":[{\"@type\":\"ReadAction\",\"target\":[\"https:\\\/\\\/sampl.dk\\\/groups\\\/\"]}]},{\"@type\":\"ImageObject\",\"inLanguage\":\"en-US\",\"@id\":\"https:\\\/\\\/sampl.dk\\\/groups\\\/#primaryimage\",\"url\":\"https:\\\/\\\/sampl.dk\\\/wp-content\\\/uploads\\\/2025\\\/03\\\/Screenshot-2025-03-12-at-10.28.06.png\",\"contentUrl\":\"https:\\\/\\\/sampl.dk\\\/wp-content\\\/uploads\\\/2025\\\/03\\\/Screenshot-2025-03-12-at-10.28.06.png\"},{\"@type\":\"BreadcrumbList\",\"@id\":\"https:\\\/\\\/sampl.dk\\\/groups\\\/#breadcrumb\",\"itemListElement\":[{\"@type\":\"ListItem\",\"position\":1,\"name\":\"Home\",\"item\":\"https:\\\/\\\/sampl.dk\\\/\"},{\"@type\":\"ListItem\",\"position\":2,\"name\":\"Groups\"}]},{\"@type\":\"WebSite\",\"@id\":\"https:\\\/\\\/sampl.dk\\\/#website\",\"url\":\"https:\\\/\\\/sampl.dk\\\/\",\"name\":\"SAMPL\",\"description\":\"\",\"publisher\":{\"@id\":\"https:\\\/\\\/sampl.dk\\\/#organization\"},\"potentialAction\":[{\"@type\":\"SearchAction\",\"target\":{\"@type\":\"EntryPoint\",\"urlTemplate\":\"https:\\\/\\\/sampl.dk\\\/?s={search_term_string}\"},\"query-input\":{\"@type\":\"PropertyValueSpecification\",\"valueRequired\":true,\"valueName\":\"search_term_string\"}}],\"inLanguage\":\"en-US\"},{\"@type\":\"Organization\",\"@id\":\"https:\\\/\\\/sampl.dk\\\/#organization\",\"name\":\"SAMPL\",\"url\":\"https:\\\/\\\/sampl.dk\\\/\",\"logo\":{\"@type\":\"ImageObject\",\"inLanguage\":\"en-US\",\"@id\":\"https:\\\/\\\/sampl.dk\\\/#\\\/schema\\\/logo\\\/image\\\/\",\"url\":\"https:\\\/\\\/sampl.dk\\\/wp-content\\\/uploads\\\/2025\\\/02\\\/sensefavicon.png\",\"contentUrl\":\"https:\\\/\\\/sampl.dk\\\/wp-content\\\/uploads\\\/2025\\\/02\\\/sensefavicon.png\",\"width\":511,\"height\":511,\"caption\":\"SAMPL\"},\"image\":{\"@id\":\"https:\\\/\\\/sampl.dk\\\/#\\\/schema\\\/logo\\\/image\\\/\"},\"sameAs\":[\"https:\\\/\\\/linkedin.com\\\/company\\\/sensesolution\"]}]}<\/script>\n<!-- \/ Yoast SEO plugin. -->","yoast_head_json":{"title":"Groups - SAMPL","robots":{"index":"index","follow":"follow","max-snippet":"max-snippet:-1","max-image-preview":"max-image-preview:large","max-video-preview":"max-video-preview:-1"},"canonical":"https:\/\/sampl.dk\/en\/groups\/","og_locale":"en_US","og_type":"article","og_title":"Groups - SAMPL","og_description":"Groups Med grupper kan du dele opdele din l\u00f8sning s\u00e5 sensorer og brugere kun arbejde indenfor de omr\u00e5der de har lov.","og_url":"https:\/\/sampl.dk\/en\/groups\/","og_site_name":"SAMPL","article_publisher":"https:\/\/linkedin.com\/company\/sensesolution","article_modified_time":"2025-03-12T09:28:15+00:00","og_image":[{"url":"https:\/\/sampl.dk\/wp-content\/uploads\/2025\/03\/Screenshot-2025-03-12-at-10.28.06.png","type":"","width":"","height":""}],"twitter_card":"summary_large_image","schema":{"@context":"https:\/\/schema.org","@graph":[{"@type":"WebPage","@id":"https:\/\/sampl.dk\/groups\/","url":"https:\/\/sampl.dk\/groups\/","name":"Groups - SAMPL","isPartOf":{"@id":"https:\/\/sampl.dk\/#website"},"primaryImageOfPage":{"@id":"https:\/\/sampl.dk\/groups\/#primaryimage"},"image":{"@id":"https:\/\/sampl.dk\/groups\/#primaryimage"},"thumbnailUrl":"https:\/\/sampl.dk\/wp-content\/uploads\/2025\/03\/Screenshot-2025-03-12-at-10.28.06.png","datePublished":"2025-03-12T09:27:05+00:00","dateModified":"2025-03-12T09:28:15+00:00","breadcrumb":{"@id":"https:\/\/sampl.dk\/groups\/#breadcrumb"},"inLanguage":"en-US","potentialAction":[{"@type":"ReadAction","target":["https:\/\/sampl.dk\/groups\/"]}]},{"@type":"ImageObject","inLanguage":"en-US","@id":"https:\/\/sampl.dk\/groups\/#primaryimage","url":"https:\/\/sampl.dk\/wp-content\/uploads\/2025\/03\/Screenshot-2025-03-12-at-10.28.06.png","contentUrl":"https:\/\/sampl.dk\/wp-content\/uploads\/2025\/03\/Screenshot-2025-03-12-at-10.28.06.png"},{"@type":"BreadcrumbList","@id":"https:\/\/sampl.dk\/groups\/#breadcrumb","itemListElement":[{"@type":"ListItem","position":1,"name":"Home","item":"https:\/\/sampl.dk\/"},{"@type":"ListItem","position":2,"name":"Groups"}]},{"@type":"WebSite","@id":"https:\/\/sampl.dk\/#website","url":"https:\/\/sampl.dk\/","name":"SAMPL","description":"","publisher":{"@id":"https:\/\/sampl.dk\/#organization"},"potentialAction":[{"@type":"SearchAction","target":{"@type":"EntryPoint","urlTemplate":"https:\/\/sampl.dk\/?s={search_term_string}"},"query-input":{"@type":"PropertyValueSpecification","valueRequired":true,"valueName":"search_term_string"}}],"inLanguage":"en-US"},{"@type":"Organization","@id":"https:\/\/sampl.dk\/#organization","name":"SAMPL","url":"https:\/\/sampl.dk\/","logo":{"@type":"ImageObject","inLanguage":"en-US","@id":"https:\/\/sampl.dk\/#\/schema\/logo\/image\/","url":"https:\/\/sampl.dk\/wp-content\/uploads\/2025\/02\/sensefavicon.png","contentUrl":"https:\/\/sampl.dk\/wp-content\/uploads\/2025\/02\/sensefavicon.png","width":511,"height":511,"caption":"SAMPL"},"image":{"@id":"https:\/\/sampl.dk\/#\/schema\/logo\/image\/"},"sameAs":["https:\/\/linkedin.com\/company\/sensesolution"]}]}},"_links":{"self":[{"href":"https:\/\/sampl.dk\/en\/wp-json\/wp\/v2\/pages\/86","targetHints":{"allow":["GET"]}}],"collection":[{"href":"https:\/\/sampl.dk\/en\/wp-json\/wp\/v2\/pages"}],"about":[{"href":"https:\/\/sampl.dk\/en\/wp-json\/wp\/v2\/types\/page"}],"author":[{"embeddable":true,"href":"https:\/\/sampl.dk\/en\/wp-json\/wp\/v2\/users\/1"}],"replies":[{"embeddable":true,"href":"https:\/\/sampl.dk\/en\/wp-json\/wp\/v2\/comments?post=86"}],"version-history":[{"count":2,"href":"https:\/\/sampl.dk\/en\/wp-json\/wp\/v2\/pages\/86\/revisions"}],"predecessor-version":[{"id":113,"href":"https:\/\/sampl.dk\/en\/wp-json\/wp\/v2\/pages\/86\/revisions\/113"}],"wp:attachment":[{"href":"https:\/\/sampl.dk\/en\/wp-json\/wp\/v2\/media?parent=86"}],"curies":[{"name":"wp","href":"https:\/\/api.w.org\/{rel}","templated":true}]}}