{"id":84,"date":"2025-03-12T10:32:51","date_gmt":"2025-03-12T09:32:51","guid":{"rendered":"https:\/\/sampl.dk\/?page_id=84"},"modified":"2025-03-27T11:29:24","modified_gmt":"2025-03-27T10:29:24","slug":"sensor-typer","status":"publish","type":"page","link":"https:\/\/sampl.dk\/en\/sensor-typer\/","title":{"rendered":"Sensor Typer"},"content":{"rendered":"<div class=\"wp-block-group alignfull is-style-section-1 has-global-padding is-layout-constrained wp-container-core-group-is-layout-cdf985e3 wp-block-group-is-layout-constrained is-style-section-1--1\" style=\"min-height:100vh;margin-top:0;margin-bottom:0;padding-top:var(--wp--preset--spacing--80);padding-right:var(--wp--preset--spacing--80);padding-bottom:var(--wp--preset--spacing--80);padding-left:var(--wp--preset--spacing--80)\">\n<div class=\"wp-block-columns alignwide are-vertically-aligned-center is-layout-flex wp-container-core-columns-is-layout-643ced6b wp-block-columns-is-layout-flex\">\n<div class=\"wp-block-column is-vertically-aligned-center is-layout-flow wp-block-column-is-layout-flow\">\n<figure class=\"wp-block-image aligncenter size-full has-custom-border\"><img loading=\"lazy\" decoding=\"async\" width=\"2296\" height=\"1486\" src=\"https:\/\/sampl.dk\/wp-content\/uploads\/2025\/03\/Screenshot-2025-03-12-at-10.30.45.png\" alt=\"Sensor Typer\" class=\"wp-image-116\" style=\"border-top-left-radius:150px;border-bottom-right-radius:150px;object-fit:cover\" srcset=\"https:\/\/sampl.dk\/wp-content\/uploads\/2025\/03\/Screenshot-2025-03-12-at-10.30.45.png 2296w, https:\/\/sampl.dk\/wp-content\/uploads\/2025\/03\/Screenshot-2025-03-12-at-10.30.45-300x194.png 300w, https:\/\/sampl.dk\/wp-content\/uploads\/2025\/03\/Screenshot-2025-03-12-at-10.30.45-1024x663.png 1024w, https:\/\/sampl.dk\/wp-content\/uploads\/2025\/03\/Screenshot-2025-03-12-at-10.30.45-768x497.png 768w, https:\/\/sampl.dk\/wp-content\/uploads\/2025\/03\/Screenshot-2025-03-12-at-10.30.45-1536x994.png 1536w, https:\/\/sampl.dk\/wp-content\/uploads\/2025\/03\/Screenshot-2025-03-12-at-10.30.45-2048x1325.png 2048w\" sizes=\"auto, (max-width: 2296px) 100vw, 2296px\" \/><figcaption class=\"wp-element-caption\">Sensor Typer<\/figcaption><\/figure>\n<\/div>\n\n\n\n<div class=\"wp-block-column is-vertically-aligned-center is-layout-flow wp-block-column-is-layout-flow\">\n<div class=\"wp-block-group is-vertical is-content-justification-stretch is-layout-flex wp-container-core-group-is-layout-353c4f5a wp-block-group-is-layout-flex\">\n<h2 class=\"wp-block-heading has-text-align-left\">Sensor Typer<\/h2>\n\n\n\n<p>Hver enkelt sensor har tilknyttet en sensor-typer hvor dekoderen til sensoren ogs\u00e5 ligger. Det er dekoderen der tager det r\u00e5 data fra sensoren og overs\u00e6tter det til JSON objekter som din applikation kan bruge. Dekoderen er skrevet i javascript og de fleste dekoder bliver leveret af leverand\u00f8r til din sensor. Vi s\u00f8rger for at alle sensorer vi forhandler har tilknyttet en dekoder. Hvis du selv ligger en ny type sensor ind kan du ogs\u00e5 selv tilf\u00f8je dekodere. <\/p>\n<\/div>\n<\/div>\n<\/div>\n<\/div>","protected":false},"excerpt":{"rendered":"<p>Sensor Typer Hver enkelt sensor har tilknyttet en sensor-typer hvor dekoderen til sensoren ogs\u00e5 ligger. Det er dekoderen der tager det r\u00e5 data fra sensoren og overs\u00e6tter det til JSON objekter som din applikation kan bruge. Dekoderen er skrevet i javascript og de fleste dekoder bliver leveret af leverand\u00f8r til din sensor. Vi s\u00f8rger for [&hellip;]<\/p>\n","protected":false},"author":1,"featured_media":0,"parent":0,"menu_order":0,"comment_status":"closed","ping_status":"closed","template":"","meta":{"footnotes":""},"class_list":["post-84","page","type-page","status-publish","hentry"],"yoast_head":"<!-- This site is optimized with the Yoast SEO plugin v27.6 - https:\/\/yoast.com\/product\/yoast-seo-wordpress\/ -->\n<title>Sensor Typer - SAMPL<\/title>\n<meta name=\"description\" content=\"I sensor typer ligger dekoderen der tager det r\u00e5 data fra sensoren og overs\u00e6tter det til JSON objekter som din applikation kan bruge.\" \/>\n<meta name=\"robots\" content=\"index, follow, max-snippet:-1, max-image-preview:large, max-video-preview:-1\" \/>\n<link rel=\"canonical\" href=\"https:\/\/sampl.dk\/en\/sensor-typer\/\" \/>\n<meta property=\"og:locale\" content=\"en_US\" \/>\n<meta property=\"og:type\" content=\"article\" \/>\n<meta property=\"og:title\" content=\"Sensor Typer - SAMPL\" \/>\n<meta property=\"og:description\" content=\"I sensor typer ligger dekoderen der tager det r\u00e5 data fra sensoren og overs\u00e6tter det til JSON objekter som din applikation kan bruge.\" \/>\n<meta property=\"og:url\" content=\"https:\/\/sampl.dk\/en\/sensor-typer\/\" \/>\n<meta property=\"og:site_name\" content=\"SAMPL\" \/>\n<meta property=\"article:publisher\" content=\"https:\/\/linkedin.com\/company\/sensesolution\" \/>\n<meta property=\"article:modified_time\" content=\"2025-03-27T10:29:24+00:00\" \/>\n<meta property=\"og:image\" content=\"https:\/\/sampl.dk\/wp-content\/uploads\/2025\/03\/Screenshot-2025-03-12-at-10.30.45.png\" \/>\n\t<meta property=\"og:image:width\" content=\"2296\" \/>\n\t<meta property=\"og:image:height\" content=\"1486\" \/>\n\t<meta property=\"og:image:type\" content=\"image\/png\" \/>\n<meta name=\"twitter:card\" content=\"summary_large_image\" \/>\n<meta name=\"twitter:label1\" content=\"Est. reading time\" \/>\n\t<meta name=\"twitter:data1\" content=\"1 minute\" \/>\n<script type=\"application\/ld+json\" class=\"yoast-schema-graph\">{\"@context\":\"https:\\\/\\\/schema.org\",\"@graph\":[{\"@type\":\"WebPage\",\"@id\":\"https:\\\/\\\/sampl.dk\\\/sensor-typer\\\/\",\"url\":\"https:\\\/\\\/sampl.dk\\\/sensor-typer\\\/\",\"name\":\"Sensor Typer - SAMPL\",\"isPartOf\":{\"@id\":\"https:\\\/\\\/sampl.dk\\\/#website\"},\"primaryImageOfPage\":{\"@id\":\"https:\\\/\\\/sampl.dk\\\/sensor-typer\\\/#primaryimage\"},\"image\":{\"@id\":\"https:\\\/\\\/sampl.dk\\\/sensor-typer\\\/#primaryimage\"},\"thumbnailUrl\":\"https:\\\/\\\/sampl.dk\\\/wp-content\\\/uploads\\\/2025\\\/03\\\/Screenshot-2025-03-12-at-10.30.45.png\",\"datePublished\":\"2025-03-12T09:32:51+00:00\",\"dateModified\":\"2025-03-27T10:29:24+00:00\",\"description\":\"I sensor typer ligger dekoderen der tager det r\u00e5 data fra sensoren og overs\u00e6tter det til JSON objekter som din applikation kan bruge.\",\"breadcrumb\":{\"@id\":\"https:\\\/\\\/sampl.dk\\\/sensor-typer\\\/#breadcrumb\"},\"inLanguage\":\"en-US\",\"potentialAction\":[{\"@type\":\"ReadAction\",\"target\":[\"https:\\\/\\\/sampl.dk\\\/sensor-typer\\\/\"]}]},{\"@type\":\"ImageObject\",\"inLanguage\":\"en-US\",\"@id\":\"https:\\\/\\\/sampl.dk\\\/sensor-typer\\\/#primaryimage\",\"url\":\"https:\\\/\\\/sampl.dk\\\/wp-content\\\/uploads\\\/2025\\\/03\\\/Screenshot-2025-03-12-at-10.30.45.png\",\"contentUrl\":\"https:\\\/\\\/sampl.dk\\\/wp-content\\\/uploads\\\/2025\\\/03\\\/Screenshot-2025-03-12-at-10.30.45.png\"},{\"@type\":\"BreadcrumbList\",\"@id\":\"https:\\\/\\\/sampl.dk\\\/sensor-typer\\\/#breadcrumb\",\"itemListElement\":[{\"@type\":\"ListItem\",\"position\":1,\"name\":\"Home\",\"item\":\"https:\\\/\\\/sampl.dk\\\/\"},{\"@type\":\"ListItem\",\"position\":2,\"name\":\"Sensor Typer\"}]},{\"@type\":\"WebSite\",\"@id\":\"https:\\\/\\\/sampl.dk\\\/#website\",\"url\":\"https:\\\/\\\/sampl.dk\\\/\",\"name\":\"SAMPL\",\"description\":\"\",\"publisher\":{\"@id\":\"https:\\\/\\\/sampl.dk\\\/#organization\"},\"potentialAction\":[{\"@type\":\"SearchAction\",\"target\":{\"@type\":\"EntryPoint\",\"urlTemplate\":\"https:\\\/\\\/sampl.dk\\\/?s={search_term_string}\"},\"query-input\":{\"@type\":\"PropertyValueSpecification\",\"valueRequired\":true,\"valueName\":\"search_term_string\"}}],\"inLanguage\":\"en-US\"},{\"@type\":\"Organization\",\"@id\":\"https:\\\/\\\/sampl.dk\\\/#organization\",\"name\":\"SAMPL\",\"url\":\"https:\\\/\\\/sampl.dk\\\/\",\"logo\":{\"@type\":\"ImageObject\",\"inLanguage\":\"en-US\",\"@id\":\"https:\\\/\\\/sampl.dk\\\/#\\\/schema\\\/logo\\\/image\\\/\",\"url\":\"https:\\\/\\\/sampl.dk\\\/wp-content\\\/uploads\\\/2025\\\/02\\\/sensefavicon.png\",\"contentUrl\":\"https:\\\/\\\/sampl.dk\\\/wp-content\\\/uploads\\\/2025\\\/02\\\/sensefavicon.png\",\"width\":511,\"height\":511,\"caption\":\"SAMPL\"},\"image\":{\"@id\":\"https:\\\/\\\/sampl.dk\\\/#\\\/schema\\\/logo\\\/image\\\/\"},\"sameAs\":[\"https:\\\/\\\/linkedin.com\\\/company\\\/sensesolution\"]}]}<\/script>\n<!-- \/ Yoast SEO plugin. -->","yoast_head_json":{"title":"Sensor Typer - SAMPL","description":"I sensor typer ligger dekoderen der tager det r\u00e5 data fra sensoren og overs\u00e6tter det til JSON objekter som din applikation kan bruge.","robots":{"index":"index","follow":"follow","max-snippet":"max-snippet:-1","max-image-preview":"max-image-preview:large","max-video-preview":"max-video-preview:-1"},"canonical":"https:\/\/sampl.dk\/en\/sensor-typer\/","og_locale":"en_US","og_type":"article","og_title":"Sensor Typer - SAMPL","og_description":"I sensor typer ligger dekoderen der tager det r\u00e5 data fra sensoren og overs\u00e6tter det til JSON objekter som din applikation kan bruge.","og_url":"https:\/\/sampl.dk\/en\/sensor-typer\/","og_site_name":"SAMPL","article_publisher":"https:\/\/linkedin.com\/company\/sensesolution","article_modified_time":"2025-03-27T10:29:24+00:00","og_image":[{"width":2296,"height":1486,"url":"https:\/\/sampl.dk\/wp-content\/uploads\/2025\/03\/Screenshot-2025-03-12-at-10.30.45.png","type":"image\/png"}],"twitter_card":"summary_large_image","twitter_misc":{"Est. reading time":"1 minute"},"schema":{"@context":"https:\/\/schema.org","@graph":[{"@type":"WebPage","@id":"https:\/\/sampl.dk\/sensor-typer\/","url":"https:\/\/sampl.dk\/sensor-typer\/","name":"Sensor Typer - SAMPL","isPartOf":{"@id":"https:\/\/sampl.dk\/#website"},"primaryImageOfPage":{"@id":"https:\/\/sampl.dk\/sensor-typer\/#primaryimage"},"image":{"@id":"https:\/\/sampl.dk\/sensor-typer\/#primaryimage"},"thumbnailUrl":"https:\/\/sampl.dk\/wp-content\/uploads\/2025\/03\/Screenshot-2025-03-12-at-10.30.45.png","datePublished":"2025-03-12T09:32:51+00:00","dateModified":"2025-03-27T10:29:24+00:00","description":"I sensor typer ligger dekoderen der tager det r\u00e5 data fra sensoren og overs\u00e6tter det til JSON objekter som din applikation kan bruge.","breadcrumb":{"@id":"https:\/\/sampl.dk\/sensor-typer\/#breadcrumb"},"inLanguage":"en-US","potentialAction":[{"@type":"ReadAction","target":["https:\/\/sampl.dk\/sensor-typer\/"]}]},{"@type":"ImageObject","inLanguage":"en-US","@id":"https:\/\/sampl.dk\/sensor-typer\/#primaryimage","url":"https:\/\/sampl.dk\/wp-content\/uploads\/2025\/03\/Screenshot-2025-03-12-at-10.30.45.png","contentUrl":"https:\/\/sampl.dk\/wp-content\/uploads\/2025\/03\/Screenshot-2025-03-12-at-10.30.45.png"},{"@type":"BreadcrumbList","@id":"https:\/\/sampl.dk\/sensor-typer\/#breadcrumb","itemListElement":[{"@type":"ListItem","position":1,"name":"Home","item":"https:\/\/sampl.dk\/"},{"@type":"ListItem","position":2,"name":"Sensor Typer"}]},{"@type":"WebSite","@id":"https:\/\/sampl.dk\/#website","url":"https:\/\/sampl.dk\/","name":"SAMPL","description":"","publisher":{"@id":"https:\/\/sampl.dk\/#organization"},"potentialAction":[{"@type":"SearchAction","target":{"@type":"EntryPoint","urlTemplate":"https:\/\/sampl.dk\/?s={search_term_string}"},"query-input":{"@type":"PropertyValueSpecification","valueRequired":true,"valueName":"search_term_string"}}],"inLanguage":"en-US"},{"@type":"Organization","@id":"https:\/\/sampl.dk\/#organization","name":"SAMPL","url":"https:\/\/sampl.dk\/","logo":{"@type":"ImageObject","inLanguage":"en-US","@id":"https:\/\/sampl.dk\/#\/schema\/logo\/image\/","url":"https:\/\/sampl.dk\/wp-content\/uploads\/2025\/02\/sensefavicon.png","contentUrl":"https:\/\/sampl.dk\/wp-content\/uploads\/2025\/02\/sensefavicon.png","width":511,"height":511,"caption":"SAMPL"},"image":{"@id":"https:\/\/sampl.dk\/#\/schema\/logo\/image\/"},"sameAs":["https:\/\/linkedin.com\/company\/sensesolution"]}]}},"_links":{"self":[{"href":"https:\/\/sampl.dk\/en\/wp-json\/wp\/v2\/pages\/84","targetHints":{"allow":["GET"]}}],"collection":[{"href":"https:\/\/sampl.dk\/en\/wp-json\/wp\/v2\/pages"}],"about":[{"href":"https:\/\/sampl.dk\/en\/wp-json\/wp\/v2\/types\/page"}],"author":[{"embeddable":true,"href":"https:\/\/sampl.dk\/en\/wp-json\/wp\/v2\/users\/1"}],"replies":[{"embeddable":true,"href":"https:\/\/sampl.dk\/en\/wp-json\/wp\/v2\/comments?post=84"}],"version-history":[{"count":3,"href":"https:\/\/sampl.dk\/en\/wp-json\/wp\/v2\/pages\/84\/revisions"}],"predecessor-version":[{"id":203,"href":"https:\/\/sampl.dk\/en\/wp-json\/wp\/v2\/pages\/84\/revisions\/203"}],"wp:attachment":[{"href":"https:\/\/sampl.dk\/en\/wp-json\/wp\/v2\/media?parent=84"}],"curies":[{"name":"wp","href":"https:\/\/api.w.org\/{rel}","templated":true}]}}