{"id":69,"date":"2025-03-12T10:46:22","date_gmt":"2025-03-12T09:46:22","guid":{"rendered":"https:\/\/sampl.dk\/?page_id=69"},"modified":"2025-03-27T11:25:03","modified_gmt":"2025-03-27T10:25:03","slug":"faq","status":"publish","type":"page","link":"https:\/\/sampl.dk\/en\/faq\/","title":{"rendered":"FAQ"},"content":{"rendered":"<div class=\"wp-block-group alignfull has-global-padding is-layout-constrained wp-block-group-is-layout-constrained\" style=\"margin-top:0;margin-bottom:0\">\n<div class=\"wp-block-group alignwide is-layout-flow wp-container-core-group-is-layout-d58a0413 wp-block-group-is-layout-flow\" style=\"padding-top:var(--wp--preset--spacing--50);padding-bottom:var(--wp--preset--spacing--50)\">\n<div class=\"wp-block-media-text has-media-on-the-right is-stacked-on-mobile\"><div class=\"wp-block-media-text__content\">\n<p class=\"has-xx-large-font-size\"><strong>Ofte Stillede Sp\u00f8rgsm\u00e5l (faq)<\/strong><\/p>\n<\/div><figure class=\"wp-block-media-text__media\"><img loading=\"lazy\" decoding=\"async\" width=\"811\" height=\"700\" src=\"https:\/\/sampl.dk\/wp-content\/uploads\/2025\/03\/FAQ.png\" alt=\"FAQ\" class=\"wp-image-192 size-full\" srcset=\"https:\/\/sampl.dk\/wp-content\/uploads\/2025\/03\/FAQ.png 811w, https:\/\/sampl.dk\/wp-content\/uploads\/2025\/03\/FAQ-300x259.png 300w, https:\/\/sampl.dk\/wp-content\/uploads\/2025\/03\/FAQ-768x663.png 768w\" sizes=\"auto, (max-width: 811px) 100vw, 811px\" \/><\/figure><\/div>\n\n\n\n<div class=\"wp-block-columns is-layout-flex wp-container-core-columns-is-layout-cbe57604 wp-block-columns-is-layout-flex\">\n<div class=\"wp-block-column is-layout-flow wp-block-column-is-layout-flow\">\n<div class=\"wp-block-group is-layout-flow wp-block-group-is-layout-flow\" style=\"border-top-color:var(--wp--preset--color--accent-6);border-top-width:1px;padding-top:var(--wp--preset--spacing--30);padding-bottom:var(--wp--preset--spacing--30)\">\n<h3 class=\"wp-block-heading\">What is IoT<\/h3>\n\n\n\n<p>IoT stands for Internet of Things. The Internet of Things is about how the world around us can be connected to the internet and help deliver information about your surroundings. Read more about the topic at <a href=\"https:\/\/sensesolutions.dk\/iot-loesninger\/\">Sense Solutions Home page<\/a>.<\/p>\n<\/div>\n<\/div>\n\n\n\n<div class=\"wp-block-column is-layout-flow wp-block-column-is-layout-flow\">\n<div class=\"wp-block-group is-layout-flow wp-block-group-is-layout-flow\" style=\"border-top-color:var(--wp--preset--color--accent-6);border-top-width:1px;padding-top:var(--wp--preset--spacing--30);padding-bottom:var(--wp--preset--spacing--30)\">\n<h3 class=\"wp-block-heading\">What does it cost<\/h3>\n\n\n\n<p>SAMPL is consumption-based and only costs what you use. So you can get started with very few resources. Contact Sense Solutions <a data-type=\"page\" data-id=\"64\" href=\"https:\/\/sampl.dk\/en\/support\/\">her<\/a> for at f\u00e5 et tilbud der passer netop dit behov.<\/p>\n<\/div>\n<\/div>\n<\/div>\n\n\n\n<div class=\"wp-block-columns is-layout-flex wp-container-core-columns-is-layout-cbe57604 wp-block-columns-is-layout-flex\">\n<div class=\"wp-block-column is-layout-flow wp-block-column-is-layout-flow\">\n<div class=\"wp-block-group is-layout-flow wp-block-group-is-layout-flow\" style=\"border-top-color:var(--wp--preset--color--accent-6);border-top-width:1px;padding-top:var(--wp--preset--spacing--30);padding-bottom:var(--wp--preset--spacing--30)\">\n<h3 class=\"wp-block-heading\">Can i buy SAMPL now?<\/h3>\n\n\n\n<p>Yes. SAMPL is online and in production. You can register on the SAMPL website here by creating an account:<\/p>\n\n\n\n<p><a href=\"https:\/\/sampl.sensesolutions.dk\">https:\/\/sampl.sensesolutions.dk<\/a><\/p>\n<\/div>\n<\/div>\n\n\n\n<div class=\"wp-block-column is-layout-flow wp-block-column-is-layout-flow\">\n<div class=\"wp-block-group is-layout-flow wp-block-group-is-layout-flow\" style=\"border-top-color:var(--wp--preset--color--accent-6);border-top-width:1px;padding-top:var(--wp--preset--spacing--30);padding-bottom:var(--wp--preset--spacing--30)\">\n<h3 class=\"wp-block-heading\">What is LoraWAN<\/h3>\n\n\n\n<p>LoRaWAN stands for Long Range Wide Area Network and is a standard developed by the LoRa Alliance. You can read more about LoRaWAN at <a href=\"https:\/\/sensesolutions.dk\/lorawan\/\">Sense Solutions Home page<\/a>.<\/p>\n<\/div>\n<\/div>\n<\/div>\n\n\n\n<div class=\"wp-block-columns is-layout-flex wp-container-core-columns-is-layout-28f84493 wp-block-columns-is-layout-flex\">\n<div class=\"wp-block-column is-layout-flow wp-block-column-is-layout-flow\">\n<h3 class=\"wp-block-heading\">What is a sensor?<\/h3>\n\n\n\n<p>LoRaWAN stands for Long Range Wide Area Network and is a standard developed by the LoRa Alliance. You can read more about LoRaWAN at <a href=\"https:\/\/sensesolutions.dk\/lorawan\/\">Sense Solutions Home page<\/a><\/p>\n<\/div>\n\n\n\n<div class=\"wp-block-column is-layout-flow wp-block-column-is-layout-flow\">\n<h3 class=\"wp-block-heading\">What is an asset management platform<\/h3>\n\n\n\n<p>An asset management platform is a tool for keeping track of all the devices you use in your IoT solution. It keeps track of the location of devices so you can find them again. It also keeps track of whether they are working as they should and whether they have sufficient battery power. <\/p>\n<\/div>\n<\/div>\n<\/div>\n<\/div>","protected":false},"excerpt":{"rendered":"<p>Ofte Stillede Sp\u00f8rgsm\u00e5l (faq) Hvad er IoT IoT st\u00e5r for Internet of Things. Internet of things handler om at verden omkring os kan forbindes til internettet og v\u00e6re med til at levere information om dine omgivelser. L\u00e6s mere om emnet p\u00e5 Sense Solutions hjemmeside. Hvad koster det SAMPL er forbrugsafregnet og koster kun det du [&hellip;]<\/p>\n","protected":false},"author":1,"featured_media":192,"parent":0,"menu_order":0,"comment_status":"closed","ping_status":"closed","template":"page-no-title","meta":{"footnotes":""},"class_list":["post-69","page","type-page","status-publish","has-post-thumbnail","hentry"],"yoast_head":"<!-- This site is optimized with the Yoast SEO plugin v27.6 - https:\/\/yoast.com\/product\/yoast-seo-wordpress\/ -->\n<title>FAQ - SAMPL<\/title>\n<meta name=\"description\" content=\"FAQ \/ Ofte stillede sp\u00f8rgsm\u00e5l omkring Sense Solutions Sensor Asset Management Platform. Vi opdatere siden med de hyppigste problemstillinger.\" \/>\n<meta name=\"robots\" content=\"index, follow, max-snippet:-1, max-image-preview:large, max-video-preview:-1\" \/>\n<link rel=\"canonical\" href=\"https:\/\/sampl.dk\/en\/faq\/\" \/>\n<meta property=\"og:locale\" content=\"en_US\" \/>\n<meta property=\"og:type\" content=\"article\" \/>\n<meta property=\"og:title\" content=\"FAQ - SAMPL\" \/>\n<meta property=\"og:description\" content=\"FAQ \/ Ofte stillede sp\u00f8rgsm\u00e5l omkring Sense Solutions Sensor Asset Management Platform. Vi opdatere siden med de hyppigste problemstillinger.\" \/>\n<meta property=\"og:url\" content=\"https:\/\/sampl.dk\/en\/faq\/\" \/>\n<meta property=\"og:site_name\" content=\"SAMPL\" \/>\n<meta property=\"article:publisher\" content=\"https:\/\/linkedin.com\/company\/sensesolution\" \/>\n<meta property=\"article:modified_time\" content=\"2025-03-27T10:25:03+00:00\" \/>\n<meta property=\"og:image\" content=\"https:\/\/sampl.dk\/wp-content\/uploads\/2025\/03\/FAQ.png\" \/>\n\t<meta property=\"og:image:width\" content=\"811\" \/>\n\t<meta property=\"og:image:height\" content=\"700\" \/>\n\t<meta property=\"og:image:type\" content=\"image\/png\" \/>\n<meta name=\"twitter:card\" content=\"summary_large_image\" \/>\n<meta name=\"twitter:label1\" content=\"Est. reading time\" \/>\n\t<meta name=\"twitter:data1\" content=\"2 minutes\" \/>\n<script type=\"application\/ld+json\" class=\"yoast-schema-graph\">{\"@context\":\"https:\\\/\\\/schema.org\",\"@graph\":[{\"@type\":\"WebPage\",\"@id\":\"https:\\\/\\\/sampl.dk\\\/faq\\\/\",\"url\":\"https:\\\/\\\/sampl.dk\\\/faq\\\/\",\"name\":\"FAQ - SAMPL\",\"isPartOf\":{\"@id\":\"https:\\\/\\\/sampl.dk\\\/#website\"},\"primaryImageOfPage\":{\"@id\":\"https:\\\/\\\/sampl.dk\\\/faq\\\/#primaryimage\"},\"image\":{\"@id\":\"https:\\\/\\\/sampl.dk\\\/faq\\\/#primaryimage\"},\"thumbnailUrl\":\"https:\\\/\\\/sampl.dk\\\/wp-content\\\/uploads\\\/2025\\\/03\\\/FAQ.png\",\"datePublished\":\"2025-03-12T09:46:22+00:00\",\"dateModified\":\"2025-03-27T10:25:03+00:00\",\"description\":\"FAQ \\\/ Ofte stillede sp\u00f8rgsm\u00e5l omkring Sense Solutions Sensor Asset Management Platform. Vi opdatere siden med de hyppigste problemstillinger.\",\"breadcrumb\":{\"@id\":\"https:\\\/\\\/sampl.dk\\\/faq\\\/#breadcrumb\"},\"inLanguage\":\"en-US\",\"potentialAction\":[{\"@type\":\"ReadAction\",\"target\":[\"https:\\\/\\\/sampl.dk\\\/faq\\\/\"]}]},{\"@type\":\"ImageObject\",\"inLanguage\":\"en-US\",\"@id\":\"https:\\\/\\\/sampl.dk\\\/faq\\\/#primaryimage\",\"url\":\"https:\\\/\\\/sampl.dk\\\/wp-content\\\/uploads\\\/2025\\\/03\\\/FAQ.png\",\"contentUrl\":\"https:\\\/\\\/sampl.dk\\\/wp-content\\\/uploads\\\/2025\\\/03\\\/FAQ.png\",\"width\":811,\"height\":700,\"caption\":\"Frequently asked questions\"},{\"@type\":\"BreadcrumbList\",\"@id\":\"https:\\\/\\\/sampl.dk\\\/faq\\\/#breadcrumb\",\"itemListElement\":[{\"@type\":\"ListItem\",\"position\":1,\"name\":\"Home\",\"item\":\"https:\\\/\\\/sampl.dk\\\/\"},{\"@type\":\"ListItem\",\"position\":2,\"name\":\"FAQ\"}]},{\"@type\":\"WebSite\",\"@id\":\"https:\\\/\\\/sampl.dk\\\/#website\",\"url\":\"https:\\\/\\\/sampl.dk\\\/\",\"name\":\"SAMPL\",\"description\":\"\",\"publisher\":{\"@id\":\"https:\\\/\\\/sampl.dk\\\/#organization\"},\"potentialAction\":[{\"@type\":\"SearchAction\",\"target\":{\"@type\":\"EntryPoint\",\"urlTemplate\":\"https:\\\/\\\/sampl.dk\\\/?s={search_term_string}\"},\"query-input\":{\"@type\":\"PropertyValueSpecification\",\"valueRequired\":true,\"valueName\":\"search_term_string\"}}],\"inLanguage\":\"en-US\"},{\"@type\":\"Organization\",\"@id\":\"https:\\\/\\\/sampl.dk\\\/#organization\",\"name\":\"SAMPL\",\"url\":\"https:\\\/\\\/sampl.dk\\\/\",\"logo\":{\"@type\":\"ImageObject\",\"inLanguage\":\"en-US\",\"@id\":\"https:\\\/\\\/sampl.dk\\\/#\\\/schema\\\/logo\\\/image\\\/\",\"url\":\"https:\\\/\\\/sampl.dk\\\/wp-content\\\/uploads\\\/2025\\\/02\\\/sensefavicon.png\",\"contentUrl\":\"https:\\\/\\\/sampl.dk\\\/wp-content\\\/uploads\\\/2025\\\/02\\\/sensefavicon.png\",\"width\":511,\"height\":511,\"caption\":\"SAMPL\"},\"image\":{\"@id\":\"https:\\\/\\\/sampl.dk\\\/#\\\/schema\\\/logo\\\/image\\\/\"},\"sameAs\":[\"https:\\\/\\\/linkedin.com\\\/company\\\/sensesolution\"]}]}<\/script>\n<!-- \/ Yoast SEO plugin. -->","yoast_head_json":{"title":"FAQ - SAMPL","description":"FAQ \/ Ofte stillede sp\u00f8rgsm\u00e5l omkring Sense Solutions Sensor Asset Management Platform. Vi opdatere siden med de hyppigste problemstillinger.","robots":{"index":"index","follow":"follow","max-snippet":"max-snippet:-1","max-image-preview":"max-image-preview:large","max-video-preview":"max-video-preview:-1"},"canonical":"https:\/\/sampl.dk\/en\/faq\/","og_locale":"en_US","og_type":"article","og_title":"FAQ - SAMPL","og_description":"FAQ \/ Ofte stillede sp\u00f8rgsm\u00e5l omkring Sense Solutions Sensor Asset Management Platform. Vi opdatere siden med de hyppigste problemstillinger.","og_url":"https:\/\/sampl.dk\/en\/faq\/","og_site_name":"SAMPL","article_publisher":"https:\/\/linkedin.com\/company\/sensesolution","article_modified_time":"2025-03-27T10:25:03+00:00","og_image":[{"width":811,"height":700,"url":"https:\/\/sampl.dk\/wp-content\/uploads\/2025\/03\/FAQ.png","type":"image\/png"}],"twitter_card":"summary_large_image","twitter_misc":{"Est. reading time":"2 minutes"},"schema":{"@context":"https:\/\/schema.org","@graph":[{"@type":"WebPage","@id":"https:\/\/sampl.dk\/faq\/","url":"https:\/\/sampl.dk\/faq\/","name":"FAQ - SAMPL","isPartOf":{"@id":"https:\/\/sampl.dk\/#website"},"primaryImageOfPage":{"@id":"https:\/\/sampl.dk\/faq\/#primaryimage"},"image":{"@id":"https:\/\/sampl.dk\/faq\/#primaryimage"},"thumbnailUrl":"https:\/\/sampl.dk\/wp-content\/uploads\/2025\/03\/FAQ.png","datePublished":"2025-03-12T09:46:22+00:00","dateModified":"2025-03-27T10:25:03+00:00","description":"FAQ \/ Ofte stillede sp\u00f8rgsm\u00e5l omkring Sense Solutions Sensor Asset Management Platform. Vi opdatere siden med de hyppigste problemstillinger.","breadcrumb":{"@id":"https:\/\/sampl.dk\/faq\/#breadcrumb"},"inLanguage":"en-US","potentialAction":[{"@type":"ReadAction","target":["https:\/\/sampl.dk\/faq\/"]}]},{"@type":"ImageObject","inLanguage":"en-US","@id":"https:\/\/sampl.dk\/faq\/#primaryimage","url":"https:\/\/sampl.dk\/wp-content\/uploads\/2025\/03\/FAQ.png","contentUrl":"https:\/\/sampl.dk\/wp-content\/uploads\/2025\/03\/FAQ.png","width":811,"height":700,"caption":"Frequently asked questions"},{"@type":"BreadcrumbList","@id":"https:\/\/sampl.dk\/faq\/#breadcrumb","itemListElement":[{"@type":"ListItem","position":1,"name":"Home","item":"https:\/\/sampl.dk\/"},{"@type":"ListItem","position":2,"name":"FAQ"}]},{"@type":"WebSite","@id":"https:\/\/sampl.dk\/#website","url":"https:\/\/sampl.dk\/","name":"SAMPL","description":"","publisher":{"@id":"https:\/\/sampl.dk\/#organization"},"potentialAction":[{"@type":"SearchAction","target":{"@type":"EntryPoint","urlTemplate":"https:\/\/sampl.dk\/?s={search_term_string}"},"query-input":{"@type":"PropertyValueSpecification","valueRequired":true,"valueName":"search_term_string"}}],"inLanguage":"en-US"},{"@type":"Organization","@id":"https:\/\/sampl.dk\/#organization","name":"SAMPL","url":"https:\/\/sampl.dk\/","logo":{"@type":"ImageObject","inLanguage":"en-US","@id":"https:\/\/sampl.dk\/#\/schema\/logo\/image\/","url":"https:\/\/sampl.dk\/wp-content\/uploads\/2025\/02\/sensefavicon.png","contentUrl":"https:\/\/sampl.dk\/wp-content\/uploads\/2025\/02\/sensefavicon.png","width":511,"height":511,"caption":"SAMPL"},"image":{"@id":"https:\/\/sampl.dk\/#\/schema\/logo\/image\/"},"sameAs":["https:\/\/linkedin.com\/company\/sensesolution"]}]}},"_links":{"self":[{"href":"https:\/\/sampl.dk\/en\/wp-json\/wp\/v2\/pages\/69","targetHints":{"allow":["GET"]}}],"collection":[{"href":"https:\/\/sampl.dk\/en\/wp-json\/wp\/v2\/pages"}],"about":[{"href":"https:\/\/sampl.dk\/en\/wp-json\/wp\/v2\/types\/page"}],"author":[{"embeddable":true,"href":"https:\/\/sampl.dk\/en\/wp-json\/wp\/v2\/users\/1"}],"replies":[{"embeddable":true,"href":"https:\/\/sampl.dk\/en\/wp-json\/wp\/v2\/comments?post=69"}],"version-history":[{"count":7,"href":"https:\/\/sampl.dk\/en\/wp-json\/wp\/v2\/pages\/69\/revisions"}],"predecessor-version":[{"id":200,"href":"https:\/\/sampl.dk\/en\/wp-json\/wp\/v2\/pages\/69\/revisions\/200"}],"wp:featuredmedia":[{"embeddable":true,"href":"https:\/\/sampl.dk\/en\/wp-json\/wp\/v2\/media\/192"}],"wp:attachment":[{"href":"https:\/\/sampl.dk\/en\/wp-json\/wp\/v2\/media?parent=69"}],"curies":[{"name":"wp","href":"https:\/\/api.w.org\/{rel}","templated":true}]}}