{"id":52,"date":"2025-03-11T14:39:41","date_gmt":"2025-03-11T13:39:41","guid":{"rendered":"https:\/\/sampl.dk\/?page_id=52"},"modified":"2025-03-11T14:40:42","modified_gmt":"2025-03-11T13:40:42","slug":"simkort","status":"publish","type":"page","link":"https:\/\/sampl.dk\/en\/simkort\/","title":{"rendered":"Simcard"},"content":{"rendered":"<div class=\"wp-block-group alignfull is-style-section-1 has-global-padding is-layout-constrained wp-container-core-group-is-layout-cdf985e3 wp-block-group-is-layout-constrained is-style-section-1--1\" style=\"min-height:100vh;margin-top:0;margin-bottom:0;padding-top:var(--wp--preset--spacing--80);padding-right:var(--wp--preset--spacing--80);padding-bottom:var(--wp--preset--spacing--80);padding-left:var(--wp--preset--spacing--80)\">\n<div class=\"wp-block-columns alignwide are-vertically-aligned-center is-layout-flex wp-container-core-columns-is-layout-643ced6b wp-block-columns-is-layout-flex\">\n<div class=\"wp-block-column is-vertically-aligned-center is-layout-flow wp-block-column-is-layout-flow\">\n<figure class=\"wp-block-image aligncenter size-full has-custom-border\"><img loading=\"lazy\" decoding=\"async\" width=\"1200\" height=\"630\" src=\"https:\/\/sampl.dk\/wp-content\/uploads\/2025\/03\/sim.jpg\" alt=\"\" class=\"wp-image-53\" style=\"border-top-left-radius:150px;border-bottom-right-radius:150px;object-fit:cover\" srcset=\"https:\/\/sampl.dk\/wp-content\/uploads\/2025\/03\/sim.jpg 1200w, https:\/\/sampl.dk\/wp-content\/uploads\/2025\/03\/sim-300x158.jpg 300w, https:\/\/sampl.dk\/wp-content\/uploads\/2025\/03\/sim-1024x538.jpg 1024w, https:\/\/sampl.dk\/wp-content\/uploads\/2025\/03\/sim-768x403.jpg 768w\" sizes=\"auto, (max-width: 1200px) 100vw, 1200px\" \/><\/figure>\n<\/div>\n\n\n\n<div class=\"wp-block-column is-vertically-aligned-center is-layout-flow wp-block-column-is-layout-flow\">\n<div class=\"wp-block-group is-vertical is-content-justification-stretch is-layout-flex wp-container-core-group-is-layout-353c4f5a wp-block-group-is-layout-flex\">\n<h2 class=\"wp-block-heading has-text-align-left\">Hold styr p\u00e5 dine simkort<\/h2>\n\n\n\n<p>Simkort kan v\u00e6re en st\u00f8rre udgiftspost i din IOT l\u00f8sning og det er derfor vigtigt at holde styr p\u00e5 om de er aktive og hvilket udstyr de er tilknyttet.<\/p>\n<\/div>\n<\/div>\n<\/div>\n<\/div>","protected":false},"excerpt":{"rendered":"<p>Hold styr p\u00e5 dine simkort Simkort kan v\u00e6re en st\u00f8rre udgiftspost i din IOT l\u00f8sning og det er derfor vigtigt at holde styr p\u00e5 om de er aktive og hvilket udstyr de er tilknyttet.<\/p>","protected":false},"author":1,"featured_media":0,"parent":0,"menu_order":0,"comment_status":"closed","ping_status":"closed","template":"","meta":{"footnotes":""},"class_list":["post-52","page","type-page","status-publish","hentry"],"yoast_head":"<!-- This site is optimized with the Yoast SEO plugin v27.6 - https:\/\/yoast.com\/product\/yoast-seo-wordpress\/ -->\n<title>Simkort - SAMPL<\/title>\n<meta name=\"robots\" content=\"index, follow, max-snippet:-1, max-image-preview:large, max-video-preview:-1\" \/>\n<link rel=\"canonical\" href=\"https:\/\/sampl.dk\/en\/simkort\/\" \/>\n<meta property=\"og:locale\" content=\"en_US\" \/>\n<meta property=\"og:type\" content=\"article\" \/>\n<meta property=\"og:title\" content=\"Simkort - SAMPL\" \/>\n<meta property=\"og:description\" content=\"Hold styr p\u00e5 dine simkort Simkort kan v\u00e6re en st\u00f8rre udgiftspost i din IOT l\u00f8sning og det er derfor vigtigt at holde styr p\u00e5 om de er aktive og hvilket udstyr de er tilknyttet.\" \/>\n<meta property=\"og:url\" content=\"https:\/\/sampl.dk\/en\/simkort\/\" \/>\n<meta property=\"og:site_name\" content=\"SAMPL\" \/>\n<meta property=\"article:publisher\" content=\"https:\/\/linkedin.com\/company\/sensesolution\" \/>\n<meta property=\"article:modified_time\" content=\"2025-03-11T13:40:42+00:00\" \/>\n<meta property=\"og:image\" content=\"https:\/\/sampl.dk\/wp-content\/uploads\/2025\/03\/sim.jpg\" \/>\n<meta name=\"twitter:card\" content=\"summary_large_image\" \/>\n<script type=\"application\/ld+json\" class=\"yoast-schema-graph\">{\"@context\":\"https:\\\/\\\/schema.org\",\"@graph\":[{\"@type\":\"WebPage\",\"@id\":\"https:\\\/\\\/sampl.dk\\\/simkort\\\/\",\"url\":\"https:\\\/\\\/sampl.dk\\\/simkort\\\/\",\"name\":\"Simkort - SAMPL\",\"isPartOf\":{\"@id\":\"https:\\\/\\\/sampl.dk\\\/#website\"},\"primaryImageOfPage\":{\"@id\":\"https:\\\/\\\/sampl.dk\\\/simkort\\\/#primaryimage\"},\"image\":{\"@id\":\"https:\\\/\\\/sampl.dk\\\/simkort\\\/#primaryimage\"},\"thumbnailUrl\":\"https:\\\/\\\/sampl.dk\\\/wp-content\\\/uploads\\\/2025\\\/03\\\/sim.jpg\",\"datePublished\":\"2025-03-11T13:39:41+00:00\",\"dateModified\":\"2025-03-11T13:40:42+00:00\",\"breadcrumb\":{\"@id\":\"https:\\\/\\\/sampl.dk\\\/simkort\\\/#breadcrumb\"},\"inLanguage\":\"en-US\",\"potentialAction\":[{\"@type\":\"ReadAction\",\"target\":[\"https:\\\/\\\/sampl.dk\\\/simkort\\\/\"]}]},{\"@type\":\"ImageObject\",\"inLanguage\":\"en-US\",\"@id\":\"https:\\\/\\\/sampl.dk\\\/simkort\\\/#primaryimage\",\"url\":\"https:\\\/\\\/sampl.dk\\\/wp-content\\\/uploads\\\/2025\\\/03\\\/sim.jpg\",\"contentUrl\":\"https:\\\/\\\/sampl.dk\\\/wp-content\\\/uploads\\\/2025\\\/03\\\/sim.jpg\"},{\"@type\":\"BreadcrumbList\",\"@id\":\"https:\\\/\\\/sampl.dk\\\/simkort\\\/#breadcrumb\",\"itemListElement\":[{\"@type\":\"ListItem\",\"position\":1,\"name\":\"Home\",\"item\":\"https:\\\/\\\/sampl.dk\\\/\"},{\"@type\":\"ListItem\",\"position\":2,\"name\":\"Simkort\"}]},{\"@type\":\"WebSite\",\"@id\":\"https:\\\/\\\/sampl.dk\\\/#website\",\"url\":\"https:\\\/\\\/sampl.dk\\\/\",\"name\":\"SAMPL\",\"description\":\"\",\"publisher\":{\"@id\":\"https:\\\/\\\/sampl.dk\\\/#organization\"},\"potentialAction\":[{\"@type\":\"SearchAction\",\"target\":{\"@type\":\"EntryPoint\",\"urlTemplate\":\"https:\\\/\\\/sampl.dk\\\/?s={search_term_string}\"},\"query-input\":{\"@type\":\"PropertyValueSpecification\",\"valueRequired\":true,\"valueName\":\"search_term_string\"}}],\"inLanguage\":\"en-US\"},{\"@type\":\"Organization\",\"@id\":\"https:\\\/\\\/sampl.dk\\\/#organization\",\"name\":\"SAMPL\",\"url\":\"https:\\\/\\\/sampl.dk\\\/\",\"logo\":{\"@type\":\"ImageObject\",\"inLanguage\":\"en-US\",\"@id\":\"https:\\\/\\\/sampl.dk\\\/#\\\/schema\\\/logo\\\/image\\\/\",\"url\":\"https:\\\/\\\/sampl.dk\\\/wp-content\\\/uploads\\\/2025\\\/02\\\/sensefavicon.png\",\"contentUrl\":\"https:\\\/\\\/sampl.dk\\\/wp-content\\\/uploads\\\/2025\\\/02\\\/sensefavicon.png\",\"width\":511,\"height\":511,\"caption\":\"SAMPL\"},\"image\":{\"@id\":\"https:\\\/\\\/sampl.dk\\\/#\\\/schema\\\/logo\\\/image\\\/\"},\"sameAs\":[\"https:\\\/\\\/linkedin.com\\\/company\\\/sensesolution\"]}]}<\/script>\n<!-- \/ Yoast SEO plugin. -->","yoast_head_json":{"title":"Simkort - SAMPL","robots":{"index":"index","follow":"follow","max-snippet":"max-snippet:-1","max-image-preview":"max-image-preview:large","max-video-preview":"max-video-preview:-1"},"canonical":"https:\/\/sampl.dk\/en\/simkort\/","og_locale":"en_US","og_type":"article","og_title":"Simkort - SAMPL","og_description":"Hold styr p\u00e5 dine simkort Simkort kan v\u00e6re en st\u00f8rre udgiftspost i din IOT l\u00f8sning og det er derfor vigtigt at holde styr p\u00e5 om de er aktive og hvilket udstyr de er tilknyttet.","og_url":"https:\/\/sampl.dk\/en\/simkort\/","og_site_name":"SAMPL","article_publisher":"https:\/\/linkedin.com\/company\/sensesolution","article_modified_time":"2025-03-11T13:40:42+00:00","og_image":[{"url":"https:\/\/sampl.dk\/wp-content\/uploads\/2025\/03\/sim.jpg","type":"","width":"","height":""}],"twitter_card":"summary_large_image","schema":{"@context":"https:\/\/schema.org","@graph":[{"@type":"WebPage","@id":"https:\/\/sampl.dk\/simkort\/","url":"https:\/\/sampl.dk\/simkort\/","name":"Simkort - SAMPL","isPartOf":{"@id":"https:\/\/sampl.dk\/#website"},"primaryImageOfPage":{"@id":"https:\/\/sampl.dk\/simkort\/#primaryimage"},"image":{"@id":"https:\/\/sampl.dk\/simkort\/#primaryimage"},"thumbnailUrl":"https:\/\/sampl.dk\/wp-content\/uploads\/2025\/03\/sim.jpg","datePublished":"2025-03-11T13:39:41+00:00","dateModified":"2025-03-11T13:40:42+00:00","breadcrumb":{"@id":"https:\/\/sampl.dk\/simkort\/#breadcrumb"},"inLanguage":"en-US","potentialAction":[{"@type":"ReadAction","target":["https:\/\/sampl.dk\/simkort\/"]}]},{"@type":"ImageObject","inLanguage":"en-US","@id":"https:\/\/sampl.dk\/simkort\/#primaryimage","url":"https:\/\/sampl.dk\/wp-content\/uploads\/2025\/03\/sim.jpg","contentUrl":"https:\/\/sampl.dk\/wp-content\/uploads\/2025\/03\/sim.jpg"},{"@type":"BreadcrumbList","@id":"https:\/\/sampl.dk\/simkort\/#breadcrumb","itemListElement":[{"@type":"ListItem","position":1,"name":"Home","item":"https:\/\/sampl.dk\/"},{"@type":"ListItem","position":2,"name":"Simkort"}]},{"@type":"WebSite","@id":"https:\/\/sampl.dk\/#website","url":"https:\/\/sampl.dk\/","name":"SAMPL","description":"","publisher":{"@id":"https:\/\/sampl.dk\/#organization"},"potentialAction":[{"@type":"SearchAction","target":{"@type":"EntryPoint","urlTemplate":"https:\/\/sampl.dk\/?s={search_term_string}"},"query-input":{"@type":"PropertyValueSpecification","valueRequired":true,"valueName":"search_term_string"}}],"inLanguage":"en-US"},{"@type":"Organization","@id":"https:\/\/sampl.dk\/#organization","name":"SAMPL","url":"https:\/\/sampl.dk\/","logo":{"@type":"ImageObject","inLanguage":"en-US","@id":"https:\/\/sampl.dk\/#\/schema\/logo\/image\/","url":"https:\/\/sampl.dk\/wp-content\/uploads\/2025\/02\/sensefavicon.png","contentUrl":"https:\/\/sampl.dk\/wp-content\/uploads\/2025\/02\/sensefavicon.png","width":511,"height":511,"caption":"SAMPL"},"image":{"@id":"https:\/\/sampl.dk\/#\/schema\/logo\/image\/"},"sameAs":["https:\/\/linkedin.com\/company\/sensesolution"]}]}},"_links":{"self":[{"href":"https:\/\/sampl.dk\/en\/wp-json\/wp\/v2\/pages\/52","targetHints":{"allow":["GET"]}}],"collection":[{"href":"https:\/\/sampl.dk\/en\/wp-json\/wp\/v2\/pages"}],"about":[{"href":"https:\/\/sampl.dk\/en\/wp-json\/wp\/v2\/types\/page"}],"author":[{"embeddable":true,"href":"https:\/\/sampl.dk\/en\/wp-json\/wp\/v2\/users\/1"}],"replies":[{"embeddable":true,"href":"https:\/\/sampl.dk\/en\/wp-json\/wp\/v2\/comments?post=52"}],"version-history":[{"count":2,"href":"https:\/\/sampl.dk\/en\/wp-json\/wp\/v2\/pages\/52\/revisions"}],"predecessor-version":[{"id":56,"href":"https:\/\/sampl.dk\/en\/wp-json\/wp\/v2\/pages\/52\/revisions\/56"}],"wp:attachment":[{"href":"https:\/\/sampl.dk\/en\/wp-json\/wp\/v2\/media?parent=52"}],"curies":[{"name":"wp","href":"https:\/\/api.w.org\/{rel}","templated":true}]}}