{"id":137,"date":"2025-03-12T12:13:13","date_gmt":"2025-03-12T11:13:13","guid":{"rendered":"https:\/\/sampl.dk\/?page_id=137"},"modified":"2025-03-27T11:10:14","modified_gmt":"2025-03-27T10:10:14","slug":"drift","status":"publish","type":"page","link":"https:\/\/sampl.dk\/en\/drift\/","title":{"rendered":"Operations"},"content":{"rendered":"<div class=\"wp-block-group alignfull is-style-section-1 has-global-padding is-layout-constrained wp-container-core-group-is-layout-cdf985e3 wp-block-group-is-layout-constrained is-style-section-1--1\" style=\"min-height:100vh;margin-top:0;margin-bottom:0;padding-top:var(--wp--preset--spacing--80);padding-right:var(--wp--preset--spacing--80);padding-bottom:var(--wp--preset--spacing--80);padding-left:var(--wp--preset--spacing--80)\">\n<div class=\"wp-block-columns alignwide are-vertically-aligned-center is-layout-flex wp-container-core-columns-is-layout-643ced6b wp-block-columns-is-layout-flex\">\n<div class=\"wp-block-column is-vertically-aligned-center is-layout-flow wp-block-column-is-layout-flow\">\n<figure class=\"wp-block-image aligncenter size-full has-custom-border\"><img loading=\"lazy\" decoding=\"async\" width=\"1152\" height=\"762\" src=\"https:\/\/sampl.dk\/wp-content\/uploads\/2025\/03\/Screenshot-2025-03-13-at-08.47.14.png\" alt=\"Sensor batteri status og signalkvalitet\" class=\"wp-image-178\" style=\"border-top-left-radius:150px;border-bottom-right-radius:150px;object-fit:cover\" srcset=\"https:\/\/sampl.dk\/wp-content\/uploads\/2025\/03\/Screenshot-2025-03-13-at-08.47.14.png 1152w, https:\/\/sampl.dk\/wp-content\/uploads\/2025\/03\/Screenshot-2025-03-13-at-08.47.14-300x198.png 300w, https:\/\/sampl.dk\/wp-content\/uploads\/2025\/03\/Screenshot-2025-03-13-at-08.47.14-1024x677.png 1024w, https:\/\/sampl.dk\/wp-content\/uploads\/2025\/03\/Screenshot-2025-03-13-at-08.47.14-768x508.png 768w\" sizes=\"auto, (max-width: 1152px) 100vw, 1152px\" \/><figcaption class=\"wp-element-caption\">Sensor batteri status og signalkvalitet<\/figcaption><\/figure>\n<\/div>\n\n\n\n<div class=\"wp-block-column is-vertically-aligned-center is-layout-flow wp-block-column-is-layout-flow\">\n<div class=\"wp-block-group is-vertical is-content-justification-stretch is-layout-flex wp-container-core-group-is-layout-353c4f5a wp-block-group-is-layout-flex\">\n<h2 class=\"wp-block-heading has-text-align-left\">Oppetid og kontinuitet<\/h2>\n\n\n\n<p>N\u00e5r man f\u00f8rst begynder at bruge sensorbaseret data til at underst\u00f8tte sin forretning bliver drift og oppetid en altafg\u00f8rende faktor. SAMPL holder styr p\u00e5 batteri niveau p\u00e5 dine sensorer og om de er aktive eller har v\u00e6ret inaktive i l\u00e6ngere tid. SAMPL holder ogs\u00e5 styr p\u00e5 dine gateways og sender notifikation hvis der skulle v\u00e6re driftsforstyrrelser. <\/p>\n\n\n\n<h2 class=\"wp-block-heading has-text-align-left\">Signal styrke og Batteritilstand<\/h2>\n\n\n\n<p>SAMPL viser kontinuerligt tilstand p\u00e5 dine sensorer og gateways og du kan let s\u00f8ge de enheder frem der tr\u00e6nger til at f\u00e5 skiftet batteri eller som har d\u00e5rligt signal.<\/p>\n<\/div>\n<\/div>\n<\/div>\n<\/div>","protected":false},"excerpt":{"rendered":"<p>Oppetid og kontinuitet N\u00e5r man f\u00f8rst begynder at bruge sensorbaseret data til at underst\u00f8tte sin forretning bliver drift og oppetid en altafg\u00f8rende faktor. SAMPL holder styr p\u00e5 batteri niveau p\u00e5 dine sensorer og om de er aktive eller har v\u00e6ret inaktive i l\u00e6ngere tid. SAMPL holder ogs\u00e5 styr p\u00e5 dine gateways og sender notifikation hvis [&hellip;]<\/p>\n","protected":false},"author":1,"featured_media":0,"parent":0,"menu_order":0,"comment_status":"closed","ping_status":"closed","template":"wp-custom-template-front-page","meta":{"footnotes":""},"class_list":["post-137","page","type-page","status-publish","hentry"],"yoast_head":"<!-- This site is optimized with the Yoast SEO plugin v27.6 - https:\/\/yoast.com\/product\/yoast-seo-wordpress\/ -->\n<title>Drift - SAMPL<\/title>\n<meta name=\"description\" content=\"N\u00e5r man f\u00f8rst begynder at bruge sensorbaseret data til at underst\u00f8tte sin forretning bliver drift og oppetid en altafg\u00f8rende faktor. SAMPL holder styr p\u00e5 batteri niveau p\u00e5 dine sensorer og om de er aktive eller har v\u00e6ret inaktive i l\u00e6ngere tid. SAMPL holder ogs\u00e5 styr p\u00e5 dine gateways og sender notifikation hvis der skulle v\u00e6re driftsforstyrrelser.\" \/>\n<meta name=\"robots\" content=\"index, follow, max-snippet:-1, max-image-preview:large, max-video-preview:-1\" \/>\n<link rel=\"canonical\" href=\"https:\/\/sampl.dk\/en\/drift\/\" \/>\n<meta property=\"og:locale\" content=\"en_US\" \/>\n<meta property=\"og:type\" content=\"article\" \/>\n<meta property=\"og:title\" content=\"Drift - SAMPL\" \/>\n<meta property=\"og:description\" content=\"N\u00e5r man f\u00f8rst begynder at bruge sensorbaseret data til at underst\u00f8tte sin forretning bliver drift og oppetid en altafg\u00f8rende faktor. SAMPL holder styr p\u00e5 batteri niveau p\u00e5 dine sensorer og om de er aktive eller har v\u00e6ret inaktive i l\u00e6ngere tid. SAMPL holder ogs\u00e5 styr p\u00e5 dine gateways og sender notifikation hvis der skulle v\u00e6re driftsforstyrrelser.\" \/>\n<meta property=\"og:url\" content=\"https:\/\/sampl.dk\/en\/drift\/\" \/>\n<meta property=\"og:site_name\" content=\"SAMPL\" \/>\n<meta property=\"article:publisher\" content=\"https:\/\/linkedin.com\/company\/sensesolution\" \/>\n<meta property=\"article:modified_time\" content=\"2025-03-27T10:10:14+00:00\" \/>\n<meta property=\"og:image\" content=\"https:\/\/sampl.dk\/wp-content\/uploads\/2025\/03\/Screenshot-2025-03-13-at-08.47.14.png\" \/>\n\t<meta property=\"og:image:width\" content=\"1152\" \/>\n\t<meta property=\"og:image:height\" content=\"762\" \/>\n\t<meta property=\"og:image:type\" content=\"image\/png\" \/>\n<meta name=\"twitter:card\" content=\"summary_large_image\" \/>\n<meta name=\"twitter:label1\" content=\"Est. reading time\" \/>\n\t<meta name=\"twitter:data1\" content=\"1 minute\" \/>\n<script type=\"application\/ld+json\" class=\"yoast-schema-graph\">{\"@context\":\"https:\\\/\\\/schema.org\",\"@graph\":[{\"@type\":\"WebPage\",\"@id\":\"https:\\\/\\\/sampl.dk\\\/drift\\\/\",\"url\":\"https:\\\/\\\/sampl.dk\\\/drift\\\/\",\"name\":\"Drift - SAMPL\",\"isPartOf\":{\"@id\":\"https:\\\/\\\/sampl.dk\\\/#website\"},\"primaryImageOfPage\":{\"@id\":\"https:\\\/\\\/sampl.dk\\\/drift\\\/#primaryimage\"},\"image\":{\"@id\":\"https:\\\/\\\/sampl.dk\\\/drift\\\/#primaryimage\"},\"thumbnailUrl\":\"https:\\\/\\\/sampl.dk\\\/wp-content\\\/uploads\\\/2025\\\/03\\\/Screenshot-2025-03-13-at-08.47.14.png\",\"datePublished\":\"2025-03-12T11:13:13+00:00\",\"dateModified\":\"2025-03-27T10:10:14+00:00\",\"description\":\"N\u00e5r man f\u00f8rst begynder at bruge sensorbaseret data til at underst\u00f8tte sin forretning bliver drift og oppetid en altafg\u00f8rende faktor. SAMPL holder styr p\u00e5 batteri niveau p\u00e5 dine sensorer og om de er aktive eller har v\u00e6ret inaktive i l\u00e6ngere tid. SAMPL holder ogs\u00e5 styr p\u00e5 dine gateways og sender notifikation hvis der skulle v\u00e6re driftsforstyrrelser.\",\"breadcrumb\":{\"@id\":\"https:\\\/\\\/sampl.dk\\\/drift\\\/#breadcrumb\"},\"inLanguage\":\"en-US\",\"potentialAction\":[{\"@type\":\"ReadAction\",\"target\":[\"https:\\\/\\\/sampl.dk\\\/drift\\\/\"]}]},{\"@type\":\"ImageObject\",\"inLanguage\":\"en-US\",\"@id\":\"https:\\\/\\\/sampl.dk\\\/drift\\\/#primaryimage\",\"url\":\"https:\\\/\\\/sampl.dk\\\/wp-content\\\/uploads\\\/2025\\\/03\\\/Screenshot-2025-03-13-at-08.47.14.png\",\"contentUrl\":\"https:\\\/\\\/sampl.dk\\\/wp-content\\\/uploads\\\/2025\\\/03\\\/Screenshot-2025-03-13-at-08.47.14.png\"},{\"@type\":\"BreadcrumbList\",\"@id\":\"https:\\\/\\\/sampl.dk\\\/drift\\\/#breadcrumb\",\"itemListElement\":[{\"@type\":\"ListItem\",\"position\":1,\"name\":\"Home\",\"item\":\"https:\\\/\\\/sampl.dk\\\/\"},{\"@type\":\"ListItem\",\"position\":2,\"name\":\"Drift\"}]},{\"@type\":\"WebSite\",\"@id\":\"https:\\\/\\\/sampl.dk\\\/#website\",\"url\":\"https:\\\/\\\/sampl.dk\\\/\",\"name\":\"SAMPL\",\"description\":\"\",\"publisher\":{\"@id\":\"https:\\\/\\\/sampl.dk\\\/#organization\"},\"potentialAction\":[{\"@type\":\"SearchAction\",\"target\":{\"@type\":\"EntryPoint\",\"urlTemplate\":\"https:\\\/\\\/sampl.dk\\\/?s={search_term_string}\"},\"query-input\":{\"@type\":\"PropertyValueSpecification\",\"valueRequired\":true,\"valueName\":\"search_term_string\"}}],\"inLanguage\":\"en-US\"},{\"@type\":\"Organization\",\"@id\":\"https:\\\/\\\/sampl.dk\\\/#organization\",\"name\":\"SAMPL\",\"url\":\"https:\\\/\\\/sampl.dk\\\/\",\"logo\":{\"@type\":\"ImageObject\",\"inLanguage\":\"en-US\",\"@id\":\"https:\\\/\\\/sampl.dk\\\/#\\\/schema\\\/logo\\\/image\\\/\",\"url\":\"https:\\\/\\\/sampl.dk\\\/wp-content\\\/uploads\\\/2025\\\/02\\\/sensefavicon.png\",\"contentUrl\":\"https:\\\/\\\/sampl.dk\\\/wp-content\\\/uploads\\\/2025\\\/02\\\/sensefavicon.png\",\"width\":511,\"height\":511,\"caption\":\"SAMPL\"},\"image\":{\"@id\":\"https:\\\/\\\/sampl.dk\\\/#\\\/schema\\\/logo\\\/image\\\/\"},\"sameAs\":[\"https:\\\/\\\/linkedin.com\\\/company\\\/sensesolution\"]}]}<\/script>\n<!-- \/ Yoast SEO plugin. -->","yoast_head_json":{"title":"Drift - SAMPL","description":"N\u00e5r man f\u00f8rst begynder at bruge sensorbaseret data til at underst\u00f8tte sin forretning bliver drift og oppetid en altafg\u00f8rende faktor. SAMPL holder styr p\u00e5 batteri niveau p\u00e5 dine sensorer og om de er aktive eller har v\u00e6ret inaktive i l\u00e6ngere tid. SAMPL holder ogs\u00e5 styr p\u00e5 dine gateways og sender notifikation hvis der skulle v\u00e6re driftsforstyrrelser.","robots":{"index":"index","follow":"follow","max-snippet":"max-snippet:-1","max-image-preview":"max-image-preview:large","max-video-preview":"max-video-preview:-1"},"canonical":"https:\/\/sampl.dk\/en\/drift\/","og_locale":"en_US","og_type":"article","og_title":"Drift - SAMPL","og_description":"N\u00e5r man f\u00f8rst begynder at bruge sensorbaseret data til at underst\u00f8tte sin forretning bliver drift og oppetid en altafg\u00f8rende faktor. SAMPL holder styr p\u00e5 batteri niveau p\u00e5 dine sensorer og om de er aktive eller har v\u00e6ret inaktive i l\u00e6ngere tid. SAMPL holder ogs\u00e5 styr p\u00e5 dine gateways og sender notifikation hvis der skulle v\u00e6re driftsforstyrrelser.","og_url":"https:\/\/sampl.dk\/en\/drift\/","og_site_name":"SAMPL","article_publisher":"https:\/\/linkedin.com\/company\/sensesolution","article_modified_time":"2025-03-27T10:10:14+00:00","og_image":[{"width":1152,"height":762,"url":"https:\/\/sampl.dk\/wp-content\/uploads\/2025\/03\/Screenshot-2025-03-13-at-08.47.14.png","type":"image\/png"}],"twitter_card":"summary_large_image","twitter_misc":{"Est. reading time":"1 minute"},"schema":{"@context":"https:\/\/schema.org","@graph":[{"@type":"WebPage","@id":"https:\/\/sampl.dk\/drift\/","url":"https:\/\/sampl.dk\/drift\/","name":"Drift - SAMPL","isPartOf":{"@id":"https:\/\/sampl.dk\/#website"},"primaryImageOfPage":{"@id":"https:\/\/sampl.dk\/drift\/#primaryimage"},"image":{"@id":"https:\/\/sampl.dk\/drift\/#primaryimage"},"thumbnailUrl":"https:\/\/sampl.dk\/wp-content\/uploads\/2025\/03\/Screenshot-2025-03-13-at-08.47.14.png","datePublished":"2025-03-12T11:13:13+00:00","dateModified":"2025-03-27T10:10:14+00:00","description":"N\u00e5r man f\u00f8rst begynder at bruge sensorbaseret data til at underst\u00f8tte sin forretning bliver drift og oppetid en altafg\u00f8rende faktor. SAMPL holder styr p\u00e5 batteri niveau p\u00e5 dine sensorer og om de er aktive eller har v\u00e6ret inaktive i l\u00e6ngere tid. SAMPL holder ogs\u00e5 styr p\u00e5 dine gateways og sender notifikation hvis der skulle v\u00e6re driftsforstyrrelser.","breadcrumb":{"@id":"https:\/\/sampl.dk\/drift\/#breadcrumb"},"inLanguage":"en-US","potentialAction":[{"@type":"ReadAction","target":["https:\/\/sampl.dk\/drift\/"]}]},{"@type":"ImageObject","inLanguage":"en-US","@id":"https:\/\/sampl.dk\/drift\/#primaryimage","url":"https:\/\/sampl.dk\/wp-content\/uploads\/2025\/03\/Screenshot-2025-03-13-at-08.47.14.png","contentUrl":"https:\/\/sampl.dk\/wp-content\/uploads\/2025\/03\/Screenshot-2025-03-13-at-08.47.14.png"},{"@type":"BreadcrumbList","@id":"https:\/\/sampl.dk\/drift\/#breadcrumb","itemListElement":[{"@type":"ListItem","position":1,"name":"Home","item":"https:\/\/sampl.dk\/"},{"@type":"ListItem","position":2,"name":"Drift"}]},{"@type":"WebSite","@id":"https:\/\/sampl.dk\/#website","url":"https:\/\/sampl.dk\/","name":"SAMPL","description":"","publisher":{"@id":"https:\/\/sampl.dk\/#organization"},"potentialAction":[{"@type":"SearchAction","target":{"@type":"EntryPoint","urlTemplate":"https:\/\/sampl.dk\/?s={search_term_string}"},"query-input":{"@type":"PropertyValueSpecification","valueRequired":true,"valueName":"search_term_string"}}],"inLanguage":"en-US"},{"@type":"Organization","@id":"https:\/\/sampl.dk\/#organization","name":"SAMPL","url":"https:\/\/sampl.dk\/","logo":{"@type":"ImageObject","inLanguage":"en-US","@id":"https:\/\/sampl.dk\/#\/schema\/logo\/image\/","url":"https:\/\/sampl.dk\/wp-content\/uploads\/2025\/02\/sensefavicon.png","contentUrl":"https:\/\/sampl.dk\/wp-content\/uploads\/2025\/02\/sensefavicon.png","width":511,"height":511,"caption":"SAMPL"},"image":{"@id":"https:\/\/sampl.dk\/#\/schema\/logo\/image\/"},"sameAs":["https:\/\/linkedin.com\/company\/sensesolution"]}]}},"_links":{"self":[{"href":"https:\/\/sampl.dk\/en\/wp-json\/wp\/v2\/pages\/137","targetHints":{"allow":["GET"]}}],"collection":[{"href":"https:\/\/sampl.dk\/en\/wp-json\/wp\/v2\/pages"}],"about":[{"href":"https:\/\/sampl.dk\/en\/wp-json\/wp\/v2\/types\/page"}],"author":[{"embeddable":true,"href":"https:\/\/sampl.dk\/en\/wp-json\/wp\/v2\/users\/1"}],"replies":[{"embeddable":true,"href":"https:\/\/sampl.dk\/en\/wp-json\/wp\/v2\/comments?post=137"}],"version-history":[{"count":3,"href":"https:\/\/sampl.dk\/en\/wp-json\/wp\/v2\/pages\/137\/revisions"}],"predecessor-version":[{"id":196,"href":"https:\/\/sampl.dk\/en\/wp-json\/wp\/v2\/pages\/137\/revisions\/196"}],"wp:attachment":[{"href":"https:\/\/sampl.dk\/en\/wp-json\/wp\/v2\/media?parent=137"}],"curies":[{"name":"wp","href":"https:\/\/api.w.org\/{rel}","templated":true}]}}